{"id":4586,"date":"2024-12-11T16:11:37","date_gmt":"2024-12-11T16:11:37","guid":{"rendered":"http:\/\/invadex.test\/?page_id=4586"},"modified":"2026-01-02T14:52:42","modified_gmt":"2026-01-02T19:52:42","slug":"contact-us","status":"publish","type":"page","link":"https:\/\/smartplanconsult.com\/en\/contact-us\/","title":{"rendered":"Contact Us"},"content":{"rendered":"<div data-elementor-type=\"wp-page\" data-elementor-id=\"4586\" class=\"elementor elementor-4586\">\n\t\t\t\t        <section class=\"elementor-section elementor-top-section elementor-element elementor-element-6bfcf21 elementor-section-boxed elementor-section-height-default elementor-section-height-default pxl-row-scroll-none pxl-zoom-point-false pxl-section-overflow-visible pxl-section-fix-none pxl-bg-color-none pxl-section-overlay-none\" data-id=\"6bfcf21\" data-element_type=\"section\" data-settings=\"{&quot;background_background&quot;:&quot;classic&quot;}\">\n\n                \n                <div class=\"elementor-container elementor-column-gap-default\">\n                <div class=\"elementor-column elementor-col-100 elementor-top-column elementor-element elementor-element-a0d86f3 pxl-column-none pxl-column-overflow-hidden-no\" data-id=\"a0d86f3\" data-element_type=\"column\">\r\n        <div class=\"elementor-widget-wrap elementor-element-populated\">\r\n                     \r\n        \t\t<div class=\"elementor-element elementor-element-60c9161 elementor-widget elementor-widget-pxl_heading\" data-id=\"60c9161\" data-element_type=\"widget\" data-widget_type=\"pxl_heading.default\">\n\t\t\t\t<div class=\"elementor-widget-container\">\n\t\t\t\t\t\n<div id=\"pxl-pxl_heading-60c9161-1987\" class=\"pxl-heading px-sub-title-box-style\">\n\t<div class=\"pxl-heading--inner\">\n\t\t\t\t\t<div class=\"pxl-item--subtitle px-sub-title-box\" data-wow-delay=\"ms\">\n\t\t\t\t<span class=\"pxl-item--subtext\">\n\t\t\t\t\t\t\t\t\t\t\t\t\t\t\t\t\t\t\t\t<span class=\"\">CONTACT us<\/span>\n\t\t\t\t<\/span>\n\t\t\t<\/div>\n\t\t\n\t\t<h3 class=\"pxl-item--title style-default highlight-default pxl-split-text split-in-fade\" data-wow-delay=\"300ms\">\n\n\t\t\t<span class=\"pxl-heading--text\">\n\n\t\t\t\t\t\t\t\t\tJoin to our network of investors and entrepreneurs \t\n\t\t\t\t\t\n\n\t\t\t<\/span>\n\t\t<\/h3>\n\t\t\n\t<\/div>\n<\/div>\t\t\t\t<\/div>\n\t\t\t\t<\/div>\n\t\t        <section class=\"elementor-section elementor-inner-section elementor-element elementor-element-12e86ad elementor-section-boxed elementor-section-height-default elementor-section-height-default pxl-row-scroll-none pxl-zoom-point-false pxl-section-overflow-visible pxl-section-fix-none pxl-bg-color-none pxl-section-overlay-none\" data-id=\"12e86ad\" data-element_type=\"section\">\n\n                \n                <div class=\"elementor-container elementor-column-gap-default\">\n                <div class=\"elementor-column elementor-col-50 elementor-inner-column elementor-element elementor-element-06e7c73 pxl-column-none pxl-column-overflow-hidden-no\" data-id=\"06e7c73\" data-element_type=\"column\">\r\n        <div class=\"elementor-widget-wrap elementor-element-populated\">\r\n                     \r\n        \t\t<div class=\"elementor-element elementor-element-c53efd6 elementor-widget__width-auto elementor-widget-mobile__width-inherit elementor-widget elementor-widget-pxl_link\" data-id=\"c53efd6\" data-element_type=\"widget\" data-widget_type=\"pxl_link.default\">\n\t\t\t\t<div class=\"elementor-widget-container\">\n\t\t\t\t\t<div class=\"pxl-link-wrap\">\n    <h3 class=\"pxl-widget-title pxl-empty\"><\/h3>\n            <ul id=\"pxl-link-pxl_link-c53efd6-2467\" class=\"pxl-link pxl-link-l1 style-default type-vertical\">\n                            <li class=\"pxl-item--link  wow fadeInUp\">\n                    <a class=\"\" >\n                                                    <span class=\"pxl-link--icon bg-normal\">\n                                <i aria-hidden=\"true\" class=\"flaticon flaticon-mail\"><\/i>                            <\/span>\n                                                                        <span class=\"pxl-link--text\" >Consulting and cost reduction in Remodeling residential and commercial<br>\nconsulting@smartplanconsult.com\n<\/span>\n                    <\/a>\n                <\/li>\n                    <\/ul>\n    <\/div>\t\t\t\t<\/div>\n\t\t\t\t<\/div>\n\t\t            <\/div>\r\n        <\/div>\r\n                <div class=\"elementor-column elementor-col-50 elementor-inner-column elementor-element elementor-element-97ed934 pxl-column-none pxl-column-overflow-hidden-no\" data-id=\"97ed934\" data-element_type=\"column\">\r\n        <div class=\"elementor-widget-wrap elementor-element-populated\">\r\n                     \r\n        \t\t<div class=\"elementor-element elementor-element-6430c0d elementor-widget__width-auto elementor-widget-mobile__width-inherit elementor-widget elementor-widget-pxl_link\" data-id=\"6430c0d\" data-element_type=\"widget\" data-widget_type=\"pxl_link.default\">\n\t\t\t\t<div class=\"elementor-widget-container\">\n\t\t\t\t\t<div class=\"pxl-link-wrap\">\n    <h3 class=\"pxl-widget-title pxl-empty\"><\/h3>\n            <ul id=\"pxl-link-pxl_link-6430c0d-1219\" class=\"pxl-link pxl-link-l1 style-default type-vertical\">\n                            <li class=\"pxl-item--link  wow fadeInUp\">\n                    <a class=\"\" href=\"tel:+1 732 596 7045\">\n                                                    <span class=\"pxl-link--icon bg-normal\">\n                                <i aria-hidden=\"true\" class=\"flaticon flaticon-mail\"><\/i>                            <\/span>\n                                                                        <span class=\"pxl-link--text\" >Technical management of permits with the city and \/ or legal advice, immigration issues <br>\npermits@smartplanconsult.com\n<\/span>\n                    <\/a>\n                <\/li>\n                    <\/ul>\n    <\/div>\t\t\t\t<\/div>\n\t\t\t\t<\/div>\n\t\t            <\/div>\r\n        <\/div>\r\n        \t\t\t<\/div>\n\t\t<\/section>\n\t\t        <section class=\"elementor-section elementor-inner-section elementor-element elementor-element-02252be elementor-section-boxed elementor-section-height-default elementor-section-height-default pxl-row-scroll-none pxl-zoom-point-false pxl-section-overflow-visible pxl-section-fix-none pxl-bg-color-none pxl-section-overlay-none\" data-id=\"02252be\" data-element_type=\"section\">\n\n                \n                <div class=\"elementor-container elementor-column-gap-default\">\n                <div class=\"elementor-column elementor-col-50 elementor-inner-column elementor-element elementor-element-ac923a7 pxl-column-none pxl-column-overflow-hidden-no\" data-id=\"ac923a7\" data-element_type=\"column\">\r\n        <div class=\"elementor-widget-wrap elementor-element-populated\">\r\n                     \r\n        \t\t<div class=\"elementor-element elementor-element-863c705 elementor-widget__width-auto elementor-widget-mobile__width-inherit elementor-widget elementor-widget-pxl_link\" data-id=\"863c705\" data-element_type=\"widget\" data-widget_type=\"pxl_link.default\">\n\t\t\t\t<div class=\"elementor-widget-container\">\n\t\t\t\t\t<div class=\"pxl-link-wrap\">\n    <h3 class=\"pxl-widget-title pxl-empty\"><\/h3>\n            <ul id=\"pxl-link-pxl_link-863c705-8533\" class=\"pxl-link pxl-link-l1 style-default type-vertical\">\n                            <li class=\"pxl-item--link  wow fadeInUp\">\n                    <a class=\"\" href=\"tel:+1 210 915 4923\">\n                                                    <span class=\"pxl-link--icon bg-normal\">\n                                <i aria-hidden=\"true\" class=\"flaticon flaticon-mail\"><\/i>                            <\/span>\n                                                                        <span class=\"pxl-link--text\" >Marketing and the creation of videos for Real estate. <br>\nmarketing@smartplanconsult.com<\/span>\n                    <\/a>\n                <\/li>\n                    <\/ul>\n    <\/div>\t\t\t\t<\/div>\n\t\t\t\t<\/div>\n\t\t            <\/div>\r\n        <\/div>\r\n                <div class=\"elementor-column elementor-col-50 elementor-inner-column elementor-element elementor-element-ffee8fa pxl-column-none pxl-column-overflow-hidden-no\" data-id=\"ffee8fa\" data-element_type=\"column\">\r\n        <div class=\"elementor-widget-wrap elementor-element-populated\">\r\n                     \r\n        \t\t<div class=\"elementor-element elementor-element-90abbfd elementor-widget__width-auto elementor-widget-mobile__width-inherit elementor-widget elementor-widget-pxl_link\" data-id=\"90abbfd\" data-element_type=\"widget\" data-widget_type=\"pxl_link.default\">\n\t\t\t\t<div class=\"elementor-widget-container\">\n\t\t\t\t\t<div class=\"pxl-link-wrap\">\n    <h3 class=\"pxl-widget-title pxl-empty\"><\/h3>\n            <ul id=\"pxl-link-pxl_link-90abbfd-2461\" class=\"pxl-link pxl-link-l1 style-default type-vertical\">\n                            <li class=\"pxl-item--link  wow fadeInUp\">\n                    <a class=\"\" href=\"tel:+ 1646 945 4116\">\n                                                    <span class=\"pxl-link--icon bg-normal\">\n                                <i aria-hidden=\"true\" class=\"flaticon flaticon-mail\"><\/i>                            <\/span>\n                                                                        <span class=\"pxl-link--text\" >Creation LLC, credit recovery and property search <br>\ncredit@smartplanconsult.com\n<\/span>\n                    <\/a>\n                <\/li>\n                    <\/ul>\n    <\/div>\t\t\t\t<\/div>\n\t\t\t\t<\/div>\n\t\t            <\/div>\r\n        <\/div>\r\n        \t\t\t<\/div>\n\t\t<\/section>\n\t\t        <section class=\"elementor-section elementor-inner-section elementor-element elementor-element-e51f138 elementor-section-boxed elementor-section-height-default elementor-section-height-default pxl-row-scroll-none pxl-zoom-point-false pxl-section-overflow-visible pxl-section-fix-none pxl-bg-color-none pxl-section-overlay-none\" data-id=\"e51f138\" data-element_type=\"section\">\n\n                \n                <div class=\"elementor-container elementor-column-gap-default\">\n                <div class=\"elementor-column elementor-col-50 elementor-inner-column elementor-element elementor-element-9669c58 pxl-column-none pxl-column-overflow-hidden-no\" data-id=\"9669c58\" data-element_type=\"column\">\r\n        <div class=\"elementor-widget-wrap elementor-element-populated\">\r\n                     \r\n        \t\t<div class=\"elementor-element elementor-element-c731736 elementor-widget-mobile__width-inherit elementor-widget elementor-widget-pxl_link\" data-id=\"c731736\" data-element_type=\"widget\" data-widget_type=\"pxl_link.default\">\n\t\t\t\t<div class=\"elementor-widget-container\">\n\t\t\t\t\t<div class=\"pxl-link-wrap\">\n    <h3 class=\"pxl-widget-title pxl-empty\"><\/h3>\n            <ul id=\"pxl-link-pxl_link-c731736-7425\" class=\"pxl-link pxl-link-l1 style-default type-vertical\">\n                            <li class=\"pxl-item--link  wow fadeInUp\">\n                    <a class=\"\" href=\"tel:+1 210 915 7060\">\n                                                    <span class=\"pxl-link--icon bg-normal\">\n                                <i aria-hidden=\"true\" class=\"flaticon flaticon-envelope\"><\/i>                            <\/span>\n                                                                        <span class=\"pxl-link--text\" >EMAIL: info@smartplanconsult.com<\/span>\n                    <\/a>\n                <\/li>\n                    <\/ul>\n    <\/div>\t\t\t\t<\/div>\n\t\t\t\t<\/div>\n\t\t            <\/div>\r\n        <\/div>\r\n                <div class=\"elementor-column elementor-col-50 elementor-inner-column elementor-element elementor-element-dd0d6f1 pxl-column-none pxl-column-overflow-hidden-no\" data-id=\"dd0d6f1\" data-element_type=\"column\">\r\n        <div class=\"elementor-widget-wrap elementor-element-populated\">\r\n                     \r\n        \t\t<div class=\"elementor-element elementor-element-a781877 elementor-widget-mobile__width-inherit elementor-widget elementor-widget-pxl_link\" data-id=\"a781877\" data-element_type=\"widget\" data-widget_type=\"pxl_link.default\">\n\t\t\t\t<div class=\"elementor-widget-container\">\n\t\t\t\t\t<div class=\"pxl-link-wrap\">\n    <h3 class=\"pxl-widget-title pxl-empty\"><\/h3>\n            <ul id=\"pxl-link-pxl_link-a781877-1897\" class=\"pxl-link pxl-link-l1 style-default type-vertical\">\n                            <li class=\"pxl-item--link  wow fadeInUp\">\n                    <a class=\"\" >\n                                                    <span class=\"pxl-link--icon bg-normal\">\n                                <i aria-hidden=\"true\" class=\"fas fa-map-marker-alt\"><\/i>                            <\/span>\n                                                                        <span class=\"pxl-link--text\" >LOCATION: San Antonio, Texas <\/span>\n                    <\/a>\n                <\/li>\n                    <\/ul>\n    <\/div>\t\t\t\t<\/div>\n\t\t\t\t<\/div>\n\t\t            <\/div>\r\n        <\/div>\r\n        \t\t\t<\/div>\n\t\t<\/section>\n\t\t        <section class=\"elementor-section elementor-inner-section elementor-element elementor-element-a492b76 elementor-section-boxed elementor-section-height-default elementor-section-height-default pxl-row-scroll-none pxl-zoom-point-false pxl-section-overflow-visible pxl-section-fix-none pxl-bg-color-none pxl-section-overlay-none\" data-id=\"a492b76\" data-element_type=\"section\">\n\n                \n                <div class=\"elementor-container elementor-column-gap-default\">\n                <div class=\"elementor-column elementor-col-50 elementor-inner-column elementor-element elementor-element-1cc3ece contact-home-2 pxl-column-none pxl-column-overflow-hidden-no\" data-id=\"1cc3ece\" data-element_type=\"column\" data-settings=\"{&quot;background_background&quot;:&quot;classic&quot;}\">\r\n        <div class=\"elementor-widget-wrap elementor-element-populated\">\r\n                     \r\n        \t\t<div class=\"elementor-element elementor-element-cf47f3b elementor-widget__width-auto elementor-absolute elementor-widget elementor-widget-pxl_image\" data-id=\"cf47f3b\" data-element_type=\"widget\" data-settings=\"{&quot;_position&quot;:&quot;absolute&quot;}\" data-widget_type=\"pxl_image.default\">\n\t\t\t\t<div class=\"elementor-widget-container\">\n\t\t\t\t\t<div id=\"pxl_image-cf47f3b-6185\" class=\"pxl-image-single pxl-disable-parallax-sm   wow fadeInDown\" data-wow-delay=\"1000ms\"  >\r\n    <div class=\"pxl-item--inner\" data-wow-delay=\"120ms\">\r\n                \r\n                                <div class=\"pxl-item--image\" data-parallax-value=\"\">\r\n                                                    <img fetchpriority=\"high\" decoding=\"async\" width=\"500\" height=\"500\" src=\"https:\/\/smartplanconsult.com\/wp-content\/uploads\/2024\/12\/obj.png\" class=\"no-lazyload attachment-full\" alt=\"\" \/>                                                                    <\/div>\r\n                                <\/div>\r\n<\/div>\t\t\t\t<\/div>\n\t\t\t\t<\/div>\n\t\t\t\t<div class=\"elementor-element elementor-element-435351d elementor-widget__width-auto elementor-absolute elementor-widget elementor-widget-pxl_image\" data-id=\"435351d\" data-element_type=\"widget\" data-settings=\"{&quot;_position&quot;:&quot;absolute&quot;}\" data-widget_type=\"pxl_image.default\">\n\t\t\t\t<div class=\"elementor-widget-container\">\n\t\t\t\t\t<div id=\"pxl_image-435351d-7127\" class=\"pxl-image-single pxl-disable-parallax-sm   wow fadeInRight\" data-wow-delay=\"1500ms\"  >\r\n    <div class=\"pxl-item--inner\" data-wow-delay=\"120ms\">\r\n                \r\n                                <div class=\"pxl-item--image\" data-parallax-value=\"\">\r\n                                                    <img fetchpriority=\"high\" decoding=\"async\" width=\"500\" height=\"500\" src=\"https:\/\/smartplanconsult.com\/wp-content\/uploads\/2024\/12\/obj.png\" class=\"no-lazyload attachment-full\" alt=\"\" \/>                                                                    <\/div>\r\n                                <\/div>\r\n<\/div>\t\t\t\t<\/div>\n\t\t\t\t<\/div>\n\t\t\t\t<div class=\"elementor-element elementor-element-98e9d8a elementor-widget elementor-widget-pxl_heading\" data-id=\"98e9d8a\" data-element_type=\"widget\" data-widget_type=\"pxl_heading.default\">\n\t\t\t\t<div class=\"elementor-widget-container\">\n\t\t\t\t\t\n<div id=\"pxl-pxl_heading-98e9d8a-5136\" class=\"pxl-heading px-sub-title-box-style\">\n\t<div class=\"pxl-heading--inner\">\n\t\t\t\t\t<div class=\"pxl-item--subtitle px-sub-title-box\" data-wow-delay=\"ms\">\n\t\t\t\t<span class=\"pxl-item--subtext\">\n\t\t\t\t\t\t\t\t\t\t\t\t\t\t\t\t\t\t\t\t<span class=\"\">CONTACT us<\/span>\n\t\t\t\t<\/span>\n\t\t\t<\/div>\n\t\t\n\t\t<h3 class=\"pxl-item--title style-default highlight-default pxl-split-text split-in-fade\" data-wow-delay=\"300ms\">\n\n\t\t\t<span class=\"pxl-heading--text\">\n\n\t\t\t\t\t\t\t\t\tSchedule a Consultation Strategic\t\n\t\t\t\t\t\n\n\t\t\t<\/span>\n\t\t<\/h3>\n\t\t\n\t<\/div>\n<\/div>\t\t\t\t<\/div>\n\t\t\t\t<\/div>\n\t\t\t\t<div class=\"elementor-element elementor-element-2a588d8 elementor-widget elementor-widget-pxl_contact_form\" data-id=\"2a588d8\" data-element_type=\"widget\" data-widget_type=\"pxl_contact_form.default\">\n\t\t\t\t<div class=\"elementor-widget-container\">\n\t\t\t\t\t    <div class=\"pxl-contact-form pxl-contact-form1 btn-w-auto\" data-wow-delay=\"ms\">\r\n        \n<div class=\"wpcf7 no-js\" id=\"wpcf7-f3423-o1\" lang=\"en-US\" dir=\"ltr\" data-wpcf7-id=\"3423\">\n<div class=\"screen-reader-response\"><p role=\"status\" aria-live=\"polite\" aria-atomic=\"true\"><\/p> <ul><\/ul><\/div>\n<form action=\"\/en\/wp-json\/wp\/v2\/pages\/4586#wpcf7-f3423-o1\" method=\"post\" class=\"wpcf7-form init\" aria-label=\"Contact form\" novalidate=\"novalidate\" data-status=\"init\" data-trp-original-action=\"\/en\/wp-json\/wp\/v2\/pages\/4586#wpcf7-f3423-o1\">\n<fieldset class=\"hidden-fields-container\"><input type=\"hidden\" name=\"_wpcf7\" value=\"3423\" \/><input type=\"hidden\" name=\"_wpcf7_version\" value=\"6.1.4\" \/><input type=\"hidden\" name=\"_wpcf7_locale\" value=\"en_US\" \/><input type=\"hidden\" name=\"_wpcf7_unit_tag\" value=\"wpcf7-f3423-o1\" \/><input type=\"hidden\" name=\"_wpcf7_container_post\" value=\"0\" \/><input type=\"hidden\" name=\"_wpcf7_posted_data_hash\" value=\"\" \/>\n<\/fieldset>\n<div class=\"wpcf7-contact-form-home-3\">\n\t<div class=\"row cf7-row\">\n\t\t<div class=\"col-md-6\">\n\t\t\t<div class=\"pxl--item\">\n\t\t\t\t<p><span class=\"wpcf7-form-control-wrap\" data-name=\"your-name\"><input size=\"40\" maxlength=\"400\" class=\"wpcf7-form-control wpcf7-text wpcf7-validates-as-required\" aria-required=\"true\" aria-invalid=\"false\" placeholder=\"*Full Name\" value=\"\" type=\"text\" name=\"your-name\" \/><\/span>\n\t\t\t\t<\/p>\n\t\t\t<\/div>\n\t\t<\/div>\n\t\t<div class=\"col-md-6\">\n\t\t\t<div class=\"pxl--item\">\n\t\t\t\t<p><span class=\"wpcf7-form-control-wrap\" data-name=\"your-email\"><input size=\"40\" maxlength=\"400\" class=\"wpcf7-form-control wpcf7-email wpcf7-validates-as-required wpcf7-text wpcf7-validates-as-email\" aria-required=\"true\" aria-invalid=\"false\" placeholder=\"*E-Mail\" value=\"\" type=\"email\" name=\"your-email\" \/><\/span>\n\t\t\t\t<\/p>\n\t\t\t<\/div>\n\t\t<\/div>\n\t\t<div class=\"col-md-6\">\n\t\t\t<div class=\"pxl--item\">\n\t\t\t\t<p><span class=\"wpcf7-form-control-wrap\" data-name=\"your-phone\"><input size=\"40\" maxlength=\"400\" class=\"wpcf7-form-control wpcf7-tel wpcf7-validates-as-required wpcf7-text wpcf7-validates-as-tel\" aria-required=\"true\" aria-invalid=\"false\" placeholder=\"*Phone number\" value=\"\" type=\"tel\" name=\"your-phone\" \/><\/span>\n\t\t\t\t<\/p>\n\t\t\t<\/div>\n\t\t<\/div>\n\t\t<div class=\"col-md-6\">\n\t\t\t<div class=\"pxl--item\">\n\t\t\t\t<p><span class=\"wpcf7-form-control-wrap\" data-name=\"your-request\"><input size=\"40\" maxlength=\"400\" class=\"wpcf7-form-control wpcf7-text\" aria-invalid=\"false\" placeholder=\"*How can we help you?\" value=\"\" type=\"text\" name=\"your-request\" \/><\/span>\n\t\t\t\t<\/p>\n\t\t\t<\/div>\n\t\t<\/div>\n\t\t<div class=\"col-12\">\n\t\t\t<div class=\"pxl--item\">\n\t\t\t\t<p><span class=\"wpcf7-form-control-wrap\" data-name=\"your-message\"><textarea cols=\"40\" rows=\"10\" maxlength=\"2000\" class=\"wpcf7-form-control wpcf7-textarea\" aria-invalid=\"false\" placeholder=\"Your message...\" name=\"your-message\"><\/textarea><\/span>\n\t\t\t\t<\/p>\n\t\t\t<\/div>\n\t\t<\/div>\n\t\t<div class=\"col-12\">\n\t\t\t<p><button type=\"submit\" class=\"wpcf7-submit btn-submit-home-3\">Send Now<\/button>\n\t\t\t<\/p>\n\t\t<\/div>\n\t<\/div>\n<\/div><div class=\"wpcf7-response-output\" aria-hidden=\"true\"><\/div>\n<input type=\"hidden\" name=\"trp-form-language\" value=\"en\"\/><\/form>\n<\/div>\n    <\/div>\r\n\t\t\t\t<\/div>\n\t\t\t\t<\/div>\n\t\t            <\/div>\r\n        <\/div>\r\n                <div class=\"elementor-column elementor-col-50 elementor-inner-column elementor-element elementor-element-9b1426a col-img-contact-home2 elementor-hidden-mobile_extra elementor-hidden-mobile pxl-column-none pxl-column-overflow-hidden-no\" data-id=\"9b1426a\" data-element_type=\"column\">\r\n        <div class=\"elementor-widget-wrap elementor-element-populated\">\r\n                     \r\n        \t\t<div class=\"elementor-element elementor-element-bfeda33 elementor-widget elementor-widget-pxl_image\" data-id=\"bfeda33\" data-element_type=\"widget\" data-widget_type=\"pxl_image.default\">\n\t\t\t\t<div class=\"elementor-widget-container\">\n\t\t\t\t\t<div id=\"pxl_image-bfeda33-7508\" class=\"pxl-image-single pxl-disable-parallax-sm\" data-wow-delay=\"ms\"  >\r\n    <div class=\"pxl-item--inner\" data-wow-delay=\"120ms\">\r\n                \r\n                                <div class=\"pxl-item--bg bg-image\" style=\"background-image: url(https:\/\/smartplanconsult.com\/wp-content\/uploads\/2025\/06\/Diseno-sin-titulo-48.png);\">\r\n                                            <\/div>\r\n                                <\/div>\r\n<\/div>\t\t\t\t<\/div>\n\t\t\t\t<\/div>\n\t\t            <\/div>\r\n        <\/div>\r\n        \t\t\t<\/div>\n\t\t<\/section>\n\t\t            <\/div>\r\n        <\/div>\r\n        \t\t\t<\/div>\n\t\t<\/section>\n\t\t\t\t<\/div>","protected":false},"excerpt":{"rendered":"<p>CONT\u00c1CTANOS \u00danete a nuestra red de inversionistas y emprendedores Consultor\u00eda y reducci\u00f3n de costos en Remodelaciones residenciales y comerciales consulting@smartplanconsult.com Gesti\u00f3n t\u00e9cnica de permisos con la ciudad \/ asesor\u00eda legal temas migratorios permits@smartplanconsult.com Marketing y creaci\u00f3n de videos para Real estate. marketing@smartplanconsult.com Creaci\u00f3n LLC, recuperaci\u00f3n de cr\u00e9ditos y b\u00fasqueda de propiedades credit@smartplanconsult.com EMAIL: info@smartplanconsult.com UBICACI\u00d3N: [&hellip;]<\/p>","protected":false},"author":2,"featured_media":0,"parent":0,"menu_order":0,"comment_status":"closed","ping_status":"closed","template":"","meta":{"footnotes":""},"class_list":["post-4586","page","type-page","status-publish","hentry"],"_links":{"self":[{"href":"https:\/\/smartplanconsult.com\/en\/wp-json\/wp\/v2\/pages\/4586","targetHints":{"allow":["GET"]}}],"collection":[{"href":"https:\/\/smartplanconsult.com\/en\/wp-json\/wp\/v2\/pages"}],"about":[{"href":"https:\/\/smartplanconsult.com\/en\/wp-json\/wp\/v2\/types\/page"}],"author":[{"embeddable":true,"href":"https:\/\/smartplanconsult.com\/en\/wp-json\/wp\/v2\/users\/2"}],"replies":[{"embeddable":true,"href":"https:\/\/smartplanconsult.com\/en\/wp-json\/wp\/v2\/comments?post=4586"}],"version-history":[{"count":17,"href":"https:\/\/smartplanconsult.com\/en\/wp-json\/wp\/v2\/pages\/4586\/revisions"}],"predecessor-version":[{"id":20154,"href":"https:\/\/smartplanconsult.com\/en\/wp-json\/wp\/v2\/pages\/4586\/revisions\/20154"}],"wp:attachment":[{"href":"https:\/\/smartplanconsult.com\/en\/wp-json\/wp\/v2\/media?parent=4586"}],"curies":[{"name":"wp","href":"https:\/\/api.w.org\/{rel}","templated":true}]}}